{"id":37,"date":"2023-12-18T12:11:11","date_gmt":"2023-12-18T15:11:11","guid":{"rendered":"http:\/\/almendralimpresores.cl\/?page_id=37"},"modified":"2023-12-19T18:36:11","modified_gmt":"2023-12-19T21:36:11","slug":"nostros-almendral-impresores","status":"publish","type":"page","link":"http:\/\/almendralimpresores.cl\/?page_id=37","title":{"rendered":"Nosotros"},"content":{"rendered":"\n<p>Almendral impresores es una empresa de servicios de impresi\u00f3n en distintos formatos. Cubre las necesidades de impresi\u00f3n en rotativa para grandes cantidades de  ejemplares, tanto en color como blanco\/negro. <\/p>\n\n\n\n<p>Impresi\u00f3n digital, para menores cantidad de ejemplares, de un ejemplar hasta la cantidad que se requiera.<\/p>\n\n\n\n<p>Tambi\u00e9n se entregar los servicios de dise\u00f1o, preprensa y postprensa.<\/p>\n\n\n\n<ul class=\"wp-block-list\">\n<li>www.almendralimpresores.cl<\/li>\n\n\n\n<li>cotizaciones@almendralimpresores.cl<\/li>\n\n\n\n<li>32226 4071<\/li>\n\n\n\n<li>Yungay #2348, Valpara\u00edso, Chile<\/li>\n\n\n\n<li>Horario comercial: de lunes a viernes de 9 de la ma\u00f1ana a 18 horas de la tarde. S\u00e1bado, domingo y festivo: cerrado.<\/li>\n<\/ul>\n","protected":false},"excerpt":{"rendered":"<p>Almendral impresores es una empresa de servicios de impresi\u00f3n en distintos formatos. Cubre las necesidades de impresi\u00f3n en rotativa para grandes cantidades de ejemplares, tanto en color como blanco\/negro. Impresi\u00f3n digital, para menores cantidad de ejemplares, de un ejemplar hasta la cantidad que se requiera. Tambi\u00e9n se entregar los servicios de dise\u00f1o, preprensa y postprensa.<\/p>\n","protected":false},"author":1,"featured_media":0,"parent":0,"menu_order":0,"comment_status":"closed","ping_status":"closed","template":"","meta":{"footnotes":""},"class_list":["post-37","page","type-page","status-publish","hentry"],"_links":{"self":[{"href":"http:\/\/almendralimpresores.cl\/index.php?rest_route=\/wp\/v2\/pages\/37","targetHints":{"allow":["GET"]}}],"collection":[{"href":"http:\/\/almendralimpresores.cl\/index.php?rest_route=\/wp\/v2\/pages"}],"about":[{"href":"http:\/\/almendralimpresores.cl\/index.php?rest_route=\/wp\/v2\/types\/page"}],"author":[{"embeddable":true,"href":"http:\/\/almendralimpresores.cl\/index.php?rest_route=\/wp\/v2\/users\/1"}],"replies":[{"embeddable":true,"href":"http:\/\/almendralimpresores.cl\/index.php?rest_route=%2Fwp%2Fv2%2Fcomments&post=37"}],"version-history":[{"count":10,"href":"http:\/\/almendralimpresores.cl\/index.php?rest_route=\/wp\/v2\/pages\/37\/revisions"}],"predecessor-version":[{"id":83,"href":"http:\/\/almendralimpresores.cl\/index.php?rest_route=\/wp\/v2\/pages\/37\/revisions\/83"}],"wp:attachment":[{"href":"http:\/\/almendralimpresores.cl\/index.php?rest_route=%2Fwp%2Fv2%2Fmedia&parent=37"}],"curies":[{"name":"wp","href":"https:\/\/api.w.org\/{rel}","templated":true}]}}